{"id":6351,"date":"2021-03-02T09:09:30","date_gmt":"2021-03-02T09:09:30","guid":{"rendered":"https:\/\/cevtechnologies.com\/?page_id=6351"},"modified":"2024-08-21T08:24:09","modified_gmt":"2024-08-21T08:24:09","slug":"partners","status":"publish","type":"page","link":"https:\/\/cevtechnologies.com\/hr\/partners\/","title":{"rendered":"Partneri"},"content":{"rendered":"<section data-vc-full-width=\"true\" data-vc-full-width-init=\"false\" class=\"vc_section vc_custom_1535826482840 bg-repeat-x bg-pos-left-top\"><div class=\"vc_row wpb_row vc_row-fluid vc_custom_1532977936460 text-align-center-ms\"><div class=\"wpb_column vc_column_container vc_col-sm-6\"><div class=\"vc_column-inner\"><div class=\"wpb_wrapper\"><div class=\"es-resp\">\t<div class=\"hidden-xl hidden-md hidden-sm hidden-ms hidden-xs\" style=\"height: 16px;\"><\/div>\t<div class=\"visible-md\" style=\"height: 16px;\"><\/div>\t<div class=\"visible-sm\" style=\"height: 16px;\"><\/div>\t<div class=\"visible-ms\" style=\"height: 16px;\"><\/div>\t<div class=\"visible-xs\" style=\"height: 16px;\"><\/div><\/div>\n\t<div class=\"wpb_text_column wpb_content_element\" >\n\t\t<div class=\"wpb_wrapper\">\n\t\t\t<h3>SAP<\/h3>\n<p>As the market leader in enterprise application software, we\u2019re helping companies of all sizes and in all industries run better by redefining ERP and creating networks of intelligent enterprises that provide transparency, resiliency, and sustainability across supply chains. Our end-to-end suite of applications and services enables our customers to operate profitably, adapt continuously, and make a difference worldwide.<\/p>\n\n\t\t<\/div>\n\t<\/div>\n<div class=\"btn-wrap\"><a href=\"https:\/\/www.sap.com\/\" class=\"btn  btn-default color-hover-default\" id=\"like_sc_button_291778658\">Posjeti<\/a><\/div><\/div><\/div><\/div><div class=\"wpb_column vc_column_container vc_col-sm-6\"><div class=\"vc_column-inner\"><div class=\"wpb_wrapper\">\n\t<div  class=\"wpb_single_image wpb_content_element vc_align_center\">\n\t\t\n\t\t<figure class=\"wpb_wrapper vc_figure\">\n\t\t\t<div class=\"vc_single_image-wrapper   vc_box_border_grey\"><img width=\"300\" height=\"176\" src=\"https:\/\/cevtechnologies.com\/wp-content\/uploads\/2023\/05\/SAP_Silver_Partner_R-300x176.jpg\" class=\"vc_single_image-img attachment-medium\" alt=\"\" decoding=\"async\" loading=\"lazy\" srcset=\"https:\/\/cevtechnologies.com\/wp-content\/uploads\/2023\/05\/SAP_Silver_Partner_R-300x176.jpg 300w, https:\/\/cevtechnologies.com\/wp-content\/uploads\/2023\/05\/SAP_Silver_Partner_R-18x12.jpg 18w, https:\/\/cevtechnologies.com\/wp-content\/uploads\/2023\/05\/SAP_Silver_Partner_R-340x200.jpg 340w, https:\/\/cevtechnologies.com\/wp-content\/uploads\/2023\/05\/SAP_Silver_Partner_R.jpg 407w\" sizes=\"(max-width: 300px) 100vw, 300px\" \/><\/div>\n\t\t<\/figure>\n\t<\/div>\n<\/div><\/div><\/div><\/div><div class=\"vc_row wpb_row vc_row-fluid vc_custom_1532977936460 text-align-center-ms\"><div class=\"wpb_column vc_column_container vc_col-sm-6\"><div class=\"vc_column-inner\"><div class=\"wpb_wrapper\"><div class=\"es-resp\">\t<div class=\"hidden-xl hidden-md hidden-sm hidden-ms hidden-xs\" style=\"height: 16px;\"><\/div>\t<div class=\"visible-md\" style=\"height: 16px;\"><\/div>\t<div class=\"visible-sm\" style=\"height: 16px;\"><\/div>\t<div class=\"visible-ms\" style=\"height: 16px;\"><\/div>\t<div class=\"visible-xs\" style=\"height: 16px;\"><\/div><\/div>\n\t<div class=\"wpb_text_column wpb_content_element\" >\n\t\t<div class=\"wpb_wrapper\">\n\t\t\t<h3>Heidelberg Amperfied<\/h3>\n<p>The clever way of charging. Clever charging technology for electric and hybrid vehicles. Made by Amperfied &#8211; a Heidelber group company. Into the future of electromobility with innovative charging solutions.<\/p>\n\n\t\t<\/div>\n\t<\/div>\n<div class=\"btn-wrap\"><a href=\"https:\/\/www.amperfied.de\/\" class=\"btn  btn-default color-hover-default\" id=\"like_sc_button_1727582986\">Posjeti<\/a><\/div><\/div><\/div><\/div><div class=\"wpb_column vc_column_container vc_col-sm-6\"><div class=\"vc_column-inner\"><div class=\"wpb_wrapper\">\n\t<div  class=\"wpb_single_image wpb_content_element vc_align_center\">\n\t\t\n\t\t<figure class=\"wpb_wrapper vc_figure\">\n\t\t\t<div class=\"vc_single_image-wrapper   vc_box_border_grey\"><img width=\"1400\" height=\"445\" src=\"https:\/\/cevtechnologies.com\/wp-content\/uploads\/2022\/06\/HEIDELBERG_AMPERFIED_Logo_IMAGE_RATIO_1_5-e1705920994840.png\" class=\"vc_single_image-img attachment-full\" alt=\"HEIDELBERG_AMPERFIED\" decoding=\"async\" loading=\"lazy\" srcset=\"https:\/\/cevtechnologies.com\/wp-content\/uploads\/2022\/06\/HEIDELBERG_AMPERFIED_Logo_IMAGE_RATIO_1_5-e1705920994840.png 1400w, https:\/\/cevtechnologies.com\/wp-content\/uploads\/2022\/06\/HEIDELBERG_AMPERFIED_Logo_IMAGE_RATIO_1_5-e1705920994840-300x95.png 300w, https:\/\/cevtechnologies.com\/wp-content\/uploads\/2022\/06\/HEIDELBERG_AMPERFIED_Logo_IMAGE_RATIO_1_5-e1705920994840-1024x325.png 1024w, https:\/\/cevtechnologies.com\/wp-content\/uploads\/2022\/06\/HEIDELBERG_AMPERFIED_Logo_IMAGE_RATIO_1_5-e1705920994840-768x244.png 768w, https:\/\/cevtechnologies.com\/wp-content\/uploads\/2022\/06\/HEIDELBERG_AMPERFIED_Logo_IMAGE_RATIO_1_5-e1705920994840-18x6.png 18w, https:\/\/cevtechnologies.com\/wp-content\/uploads\/2022\/06\/HEIDELBERG_AMPERFIED_Logo_IMAGE_RATIO_1_5-e1705920994840-340x108.png 340w, https:\/\/cevtechnologies.com\/wp-content\/uploads\/2022\/06\/HEIDELBERG_AMPERFIED_Logo_IMAGE_RATIO_1_5-e1705920994840-600x191.png 600w, https:\/\/cevtechnologies.com\/wp-content\/uploads\/2022\/06\/HEIDELBERG_AMPERFIED_Logo_IMAGE_RATIO_1_5-e1705920994840-755x240.png 755w\" sizes=\"(max-width: 1400px) 100vw, 1400px\" \/><\/div>\n\t\t<\/figure>\n\t<\/div>\n<\/div><\/div><\/div><\/div><div class=\"vc_row wpb_row vc_row-fluid vc_custom_1532977936460 text-align-center-ms\"><div class=\"wpb_column vc_column_container vc_col-sm-6\"><div class=\"vc_column-inner\"><div class=\"wpb_wrapper\"><div class=\"es-resp\">\t<div class=\"hidden-xl hidden-md hidden-sm hidden-ms hidden-xs\" style=\"height: 16px;\"><\/div>\t<div class=\"visible-md\" style=\"height: 16px;\"><\/div>\t<div class=\"visible-sm\" style=\"height: 16px;\"><\/div>\t<div class=\"visible-ms\" style=\"height: 16px;\"><\/div>\t<div class=\"visible-xs\" style=\"height: 16px;\"><\/div><\/div>\n\t<div class=\"wpb_text_column wpb_content_element\" >\n\t\t<div class=\"wpb_wrapper\">\n\t\t\t<h3>KEBA<\/h3>\n<p>As an owner-managed company with a headquarters as well as its own development and production facilities in Linz, KEBA has been manufacturing innovative automation solutions of the highest quality for industry, banking and service automation since 1968 &#8211; and since 2009 also for energy automation.<\/p>\n\n\t\t<\/div>\n\t<\/div>\n<div class=\"btn-wrap\"><a href=\"https:\/\/www.amperfied.de\/\" class=\"btn  btn-default color-hover-default\" id=\"like_sc_button_1978065613\">Posjeti<\/a><\/div><\/div><\/div><\/div><div class=\"wpb_column vc_column_container vc_col-sm-6\"><div class=\"vc_column-inner\"><div class=\"wpb_wrapper\">\n\t<div  class=\"wpb_single_image wpb_content_element vc_align_center\">\n\t\t\n\t\t<figure class=\"wpb_wrapper vc_figure\">\n\t\t\t<div class=\"vc_single_image-wrapper   vc_box_border_grey\"><img width=\"250\" height=\"84\" src=\"https:\/\/cevtechnologies.com\/wp-content\/uploads\/2024\/01\/keba-e1705921030717.jpg\" class=\"vc_single_image-img attachment-full\" alt=\"\" decoding=\"async\" loading=\"lazy\" \/><\/div>\n\t\t<\/figure>\n\t<\/div>\n<\/div><\/div><\/div><\/div><div class=\"vc_row wpb_row vc_row-fluid vc_custom_1532977936460 text-align-center-ms\"><div class=\"wpb_column vc_column_container vc_col-sm-6\"><div class=\"vc_column-inner\"><div class=\"wpb_wrapper\"><div class=\"es-resp\">\t<div class=\"hidden-xl hidden-md hidden-sm hidden-ms hidden-xs\" style=\"height: 16px;\"><\/div>\t<div class=\"visible-md\" style=\"height: 16px;\"><\/div>\t<div class=\"visible-sm\" style=\"height: 16px;\"><\/div>\t<div class=\"visible-ms\" style=\"height: 16px;\"><\/div>\t<div class=\"visible-xs\" style=\"height: 16px;\"><\/div><\/div>\n\t<div class=\"wpb_text_column wpb_content_element\" >\n\t\t<div class=\"wpb_wrapper\">\n\t\t\t<h3>Wallbox<\/h3>\n<p>Wallbox je globalna tvrtka posve\u0107ena promjeni na\u010dina na koji svijet koristi energiju.<\/p>\n<p>Izra\u0111ujemo pametne sustave za punjenje koji kombiniraju vrhunsku tehnologiju s izvanrednim dizajnom, upravljaju\u0107i komunikacijom izme\u0111u automobila i punja\u010da putem jednostavnih aplikacija.<\/p>\n\n\t\t<\/div>\n\t<\/div>\n<div class=\"btn-wrap\"><a href=\"https:\/\/wallbox.com\/en_catalog\/\" class=\"btn  btn-default color-hover-default\" id=\"like_sc_button_957454409\">Posjeti<\/a><\/div><\/div><\/div><\/div><div class=\"wpb_column vc_column_container vc_col-sm-6\"><div class=\"vc_column-inner\"><div class=\"wpb_wrapper\">\n\t<div  class=\"wpb_single_image wpb_content_element vc_align_center\">\n\t\t\n\t\t<figure class=\"wpb_wrapper vc_figure\">\n\t\t\t<div class=\"vc_single_image-wrapper   vc_box_border_grey\"><img width=\"300\" height=\"69\" src=\"https:\/\/cevtechnologies.com\/wp-content\/uploads\/2021\/03\/wallbox-300x69.png\" class=\"vc_single_image-img attachment-medium\" alt=\"wallbox\" decoding=\"async\" loading=\"lazy\" srcset=\"https:\/\/cevtechnologies.com\/wp-content\/uploads\/2021\/03\/wallbox-300x69.png 300w, https:\/\/cevtechnologies.com\/wp-content\/uploads\/2021\/03\/wallbox.png 512w\" sizes=\"(max-width: 300px) 100vw, 300px\" \/><\/div>\n\t\t<\/figure>\n\t<\/div>\n<\/div><\/div><\/div><\/div><div class=\"vc_row wpb_row vc_row-fluid vc_custom_1532977936460 text-align-center-ms\"><div class=\"wpb_column vc_column_container vc_col-sm-6\"><div class=\"vc_column-inner\"><div class=\"wpb_wrapper\"><div class=\"es-resp\">\t<div class=\"hidden-xl hidden-md hidden-sm hidden-ms hidden-xs\" style=\"height: 16px;\"><\/div>\t<div class=\"visible-md\" style=\"height: 16px;\"><\/div>\t<div class=\"visible-sm\" style=\"height: 16px;\"><\/div>\t<div class=\"visible-ms\" style=\"height: 16px;\"><\/div>\t<div class=\"visible-xs\" style=\"height: 16px;\"><\/div><\/div>\n\t<div class=\"wpb_text_column wpb_content_element\" >\n\t\t<div class=\"wpb_wrapper\">\n\t\t\t<h3>METRO<\/h3>\n<p>METRO started operating in Croatia at the end of 2001 with the opening of the first wholesale center in Zagreb&#8217;s Jankomir.<\/p>\n<p>Today, the company operates a total of ten wholesale centers in Zagreb, Rijeka, Split, Zadar, Osijek, Pula, Vara\u017edin, Pore\u010d and Dubrovnik. After almost eighteen years of business in Croatia, METRO has positioned itself as a leader in the HoReCa market.<\/p>\n\n\t\t<\/div>\n\t<\/div>\n<div class=\"btn-wrap\"><a href=\"https:\/\/www.metro-cc.hr\/\" class=\"btn  btn-default color-hover-default\" id=\"like_sc_button_2058809608\">Posjeti<\/a><\/div><\/div><\/div><\/div><div class=\"wpb_column vc_column_container vc_col-sm-6\"><div class=\"vc_column-inner\"><div class=\"wpb_wrapper\">\n\t<div  class=\"wpb_single_image wpb_content_element vc_align_center\">\n\t\t\n\t\t<figure class=\"wpb_wrapper vc_figure\">\n\t\t\t<div class=\"vc_single_image-wrapper   vc_box_border_grey\"><img width=\"225\" height=\"225\" src=\"https:\/\/cevtechnologies.com\/wp-content\/uploads\/2023\/07\/logo-metro.png\" class=\"vc_single_image-img attachment-medium\" alt=\"Metro\" decoding=\"async\" loading=\"lazy\" srcset=\"https:\/\/cevtechnologies.com\/wp-content\/uploads\/2023\/07\/logo-metro.png 225w, https:\/\/cevtechnologies.com\/wp-content\/uploads\/2023\/07\/logo-metro-150x150.png 150w, https:\/\/cevtechnologies.com\/wp-content\/uploads\/2023\/07\/logo-metro-12x12.png 12w, https:\/\/cevtechnologies.com\/wp-content\/uploads\/2023\/07\/logo-metro-100x100.png 100w, https:\/\/cevtechnologies.com\/wp-content\/uploads\/2023\/07\/logo-metro-24x24.png 24w, https:\/\/cevtechnologies.com\/wp-content\/uploads\/2023\/07\/logo-metro-48x48.png 48w, https:\/\/cevtechnologies.com\/wp-content\/uploads\/2023\/07\/logo-metro-96x96.png 96w, https:\/\/cevtechnologies.com\/wp-content\/uploads\/2023\/07\/logo-metro-58x58.png 58w\" sizes=\"(max-width: 225px) 100vw, 225px\" \/><\/div>\n\t\t<\/figure>\n\t<\/div>\n<\/div><\/div><\/div><\/div><div class=\"vc_row wpb_row vc_row-fluid vc_custom_1532977936460 text-align-center-ms\"><div class=\"wpb_column vc_column_container vc_col-sm-6\"><div class=\"vc_column-inner\"><div class=\"wpb_wrapper\"><div class=\"es-resp\">\t<div class=\"hidden-xl hidden-md hidden-sm hidden-ms hidden-xs\" style=\"height: 16px;\"><\/div>\t<div class=\"visible-md\" style=\"height: 16px;\"><\/div>\t<div class=\"visible-sm\" style=\"height: 16px;\"><\/div>\t<div class=\"visible-ms\" style=\"height: 16px;\"><\/div>\t<div class=\"visible-xs\" style=\"height: 16px;\"><\/div><\/div>\n\t<div class=\"wpb_text_column wpb_content_element\" >\n\t\t<div class=\"wpb_wrapper\">\n\t\t\t<h3>Schneider Electric<\/h3>\n<p>Schneider Electric SE is a French multinational corporation that specializes in digital automation and energy management.<\/p>\n<p>Schneider Electric is a Fortune Global 500 company, publicly traded on the Euronext Exchange, and is a component of the Euro Stoxx 50 stock market index. In fiscal year 2023, the company posted revenues of \u20ac35.9 billion.<\/p>\n<p>Schneider Electric is the parent company of Square D, APC, and others. It is also a research company.<\/p>\n\n\t\t<\/div>\n\t<\/div>\n<div class=\"btn-wrap\"><a href=\"https:\/\/www.se.com\/hr\/hr\/\" class=\"btn  btn-default color-hover-default\" id=\"like_sc_button_127998383\">Posjeti<\/a><\/div><\/div><\/div><\/div><div class=\"wpb_column vc_column_container vc_col-sm-6\"><div class=\"vc_column-inner\"><div class=\"wpb_wrapper\">\n\t<div  class=\"wpb_single_image wpb_content_element vc_align_center\">\n\t\t\n\t\t<figure class=\"wpb_wrapper vc_figure\">\n\t\t\t<div class=\"vc_single_image-wrapper   vc_box_border_grey\"><img width=\"156\" height=\"57\" src=\"https:\/\/cevtechnologies.com\/wp-content\/uploads\/2024\/08\/Logo_SE_White.gif\" class=\"vc_single_image-img attachment-medium\" alt=\"\" decoding=\"async\" loading=\"lazy\" \/><\/div>\n\t\t<\/figure>\n\t<\/div>\n<\/div><\/div><\/div><\/div><\/section><div class=\"vc_row-full-width vc_clearfix\"><\/div>","protected":false},"excerpt":{"rendered":"SAP As the market leader in enterprise application software, we\u2019re helping companies of all sizes and in all industries run better by redefining ERP and creating networks of intelligent enterprises that provide transparency, resiliency, and sustainability across supply chains. Our end-to-end suite of applications and services enables our customers to operate profitably, adapt continuously, and make a difference worldwide. Visit Heidelberg Amperfied The clever way of charging. Clever charging technology for electric and hybrid vehicles. Made by Amperfied - a Heidelber group company. Into the future of electromobility with innovative charging solutions. Visit KEBA As an owner-managed company with a headquarters as well as its own development and production facilities in Linz, KEBA has been manufacturing innovative automation solutions of the highest quality for industry, banking and service automation since 1968 - and since 2009 also for energy automation. Visit Wallbox Wallbox is a global company, dedicated to changing the [...]","protected":false},"author":1,"featured_media":0,"parent":0,"menu_order":0,"comment_status":"closed","ping_status":"closed","template":"","meta":{"footnotes":""},"_links":{"self":[{"href":"https:\/\/cevtechnologies.com\/hr\/wp-json\/wp\/v2\/pages\/6351"}],"collection":[{"href":"https:\/\/cevtechnologies.com\/hr\/wp-json\/wp\/v2\/pages"}],"about":[{"href":"https:\/\/cevtechnologies.com\/hr\/wp-json\/wp\/v2\/types\/page"}],"author":[{"embeddable":true,"href":"https:\/\/cevtechnologies.com\/hr\/wp-json\/wp\/v2\/users\/1"}],"replies":[{"embeddable":true,"href":"https:\/\/cevtechnologies.com\/hr\/wp-json\/wp\/v2\/comments?post=6351"}],"version-history":[{"count":45,"href":"https:\/\/cevtechnologies.com\/hr\/wp-json\/wp\/v2\/pages\/6351\/revisions"}],"predecessor-version":[{"id":6772,"href":"https:\/\/cevtechnologies.com\/hr\/wp-json\/wp\/v2\/pages\/6351\/revisions\/6772"}],"wp:attachment":[{"href":"https:\/\/cevtechnologies.com\/hr\/wp-json\/wp\/v2\/media?parent=6351"}],"curies":[{"name":"wp","href":"https:\/\/api.w.org\/{rel}","templated":true}]}}