{"id":6334,"date":"2021-03-01T15:04:10","date_gmt":"2021-03-01T15:04:10","guid":{"rendered":"https:\/\/cevtechnologies.com\/?page_id=6334"},"modified":"2021-03-19T07:47:56","modified_gmt":"2021-03-19T07:47:56","slug":"vision","status":"publish","type":"page","link":"https:\/\/cevtechnologies.com\/hr\/vision\/","title":{"rendered":"Vizija"},"content":{"rendered":"<section data-vc-full-width=\"true\" data-vc-full-width-init=\"false\" class=\"vc_section vc_custom_1535826482840 bg-repeat-x bg-pos-left-top\"><div class=\"vc_row wpb_row vc_row-fluid vc_custom_1532977936460 text-align-center-ms\"><div class=\"wpb_column vc_column_container vc_col-sm-6\"><div class=\"vc_column-inner\"><div class=\"wpb_wrapper\"><div class=\"heading  default align-left color-black subcolor-main icon-type-hidden   vc_custom_1615190533593 heading-tag-h3\" id=\"like_sc_header_1209990442\"><h3 class=\"header ltx-sr-id-like_sc_header_12099904422018835228 ltx-sr ltx-sr-effect-fade_in ltx-sr-el-block ltx-sr-delay-0 ltx-sr-duration-1000 ltx-sr-sequences-0\">Na\u0161a <span> vizija. <\/span><\/h3><\/div><div class=\"es-resp\">\t<div class=\"hidden-xl hidden-md hidden-sm hidden-ms hidden-xs\" style=\"height: 16px;\"><\/div>\t<div class=\"visible-md\" style=\"height: 16px;\"><\/div>\t<div class=\"visible-sm\" style=\"height: 16px;\"><\/div>\t<div class=\"visible-ms\" style=\"height: 16px;\"><\/div>\t<div class=\"visible-xs\" style=\"height: 16px;\"><\/div><\/div>\n\t<div class=\"wpb_text_column wpb_content_element\" >\n\t\t<div class=\"wpb_wrapper\">\n\t\t\t<p>Da bismo ispunili o\u010dekivanja kupca, trebaju nam stanice za punjenje koje rade 100%, lako dostupne i povezane na pozadinu (backend) radi dodatne podr\u0161ke upravljanja postupkom punjenja. Kvaliteta je klju\u010d zadovoljstva kupaca i klijenata mnogo vi\u0161e od brze dostupnosti, a glavni je zadatak dati povjerenje u novu tehnologiju. Osigurati interoperabilnost automobila i infrastrukture za punjenje jedan je od glavnih ciljeva CEV tehnologija i na\u0161eg sistemskog pristupa rije\u0161enju upravljanja punjenja EV.<\/p>\n<p><strong>UNIVERZALNA STANICA ZA PUNJENJE VA\u0160EG ELEKTRI\u010cNOG AUTOMOBILA<\/strong><\/p>\n<p>Vjerujemo u budu\u0107nost s \u010distim elektri\u010dnim prijevozom, ali ne vjerujemo u potrebu posje\u0107ivanja punionica na putu od A do B. Vjerujemo da je najbolji na\u010din punjenja vozila kod ku\u0107e ili na odredi\u0161tu, razlog zbog kojeg smo razvili CEV technologies<\/p>\n\n\t\t<\/div>\n\t<\/div>\n<div class=\"es-resp\">\t<div class=\"hidden-xl hidden-md hidden-sm hidden-ms hidden-xs\" style=\"height: 32px;\"><\/div>\t<div class=\"visible-md\" style=\"height: 32px;\"><\/div>\t<div class=\"visible-sm\" style=\"height: 32px;\"><\/div>\t<div class=\"visible-ms\" style=\"height: 32px;\"><\/div>\t<div class=\"visible-xs\" style=\"height: 32px;\"><\/div><\/div><div class=\"btn-wrap\"><a href=\"https:\/\/cevtechnologies.com\/hr\/contact\/\" class=\"btn  btn-default color-hover-default\" id=\"like_sc_button_1727415538\">Kontaktirajte nas<\/a><\/div><\/div><\/div><\/div><div class=\"wpb_column vc_column_container vc_col-sm-6\"><div class=\"vc_column-inner\"><div class=\"wpb_wrapper\">\n\t<div  class=\"wpb_single_image wpb_content_element vc_align_left\">\n\t\t\n\t\t<figure class=\"wpb_wrapper vc_figure\">\n\t\t\t<div class=\"vc_single_image-wrapper   vc_box_border_grey\"><img width=\"960\" height=\"540\" src=\"https:\/\/cevtechnologies.com\/wp-content\/uploads\/2021\/03\/vision.jpg\" class=\"vc_single_image-img attachment-full\" alt=\"vision\" decoding=\"async\" loading=\"lazy\" srcset=\"https:\/\/cevtechnologies.com\/wp-content\/uploads\/2021\/03\/vision.jpg 960w, https:\/\/cevtechnologies.com\/wp-content\/uploads\/2021\/03\/vision-300x169.jpg 300w, https:\/\/cevtechnologies.com\/wp-content\/uploads\/2021\/03\/vision-768x432.jpg 768w, https:\/\/cevtechnologies.com\/wp-content\/uploads\/2021\/03\/vision-16x9.jpg 16w, https:\/\/cevtechnologies.com\/wp-content\/uploads\/2021\/03\/vision-755x425.jpg 755w\" sizes=\"(max-width: 960px) 100vw, 960px\" \/><\/div>\n\t\t<\/figure>\n\t<\/div>\n<\/div><\/div><\/div><\/div><\/section><div class=\"vc_row-full-width vc_clearfix\"><\/div><section data-vc-full-width=\"true\" data-vc-full-width-init=\"false\" class=\"vc_section\"><div class=\"vc_row wpb_row vc_row-fluid\"><div class=\"wpb_column vc_column_container vc_col-sm-12\"><div class=\"vc_column-inner\"><div class=\"wpb_wrapper\"><div class=\"es-resp\">\t<div class=\"hidden-xl hidden-md hidden-sm hidden-ms hidden-xs\" style=\"height: 48px;\"><\/div>\t<div class=\"visible-md\" style=\"height: 48px;\"><\/div>\t<div class=\"visible-sm\" style=\"height: 48px;\"><\/div>\t<div class=\"visible-ms\" style=\"height: 32px;\"><\/div>\t<div class=\"visible-xs\" style=\"height: 32px;\"><\/div><\/div><div class=\"heading  header-underline align-center color-black subcolor-main icon-type-hidden heading-tag-h3\" id=\"like_sc_header_1181305689\"><h3 class=\"header ltx-sr-id-like_sc_header_1181305689436903552 ltx-sr ltx-sr-effect-fade_in ltx-sr-el-block ltx-sr-delay-0 ltx-sr-duration-1000 ltx-sr-sequences-0\">Kompatibilan s markama auta<\/h3><\/div><div class=\"ltx-partners ltx-hover-logos  layout-\" id=\"like_sc_header_852411183\"><div class=\"row\">\r\n\t\t\t\t<div class=\"col-sm-4 col-ms-6 col-xs-6  partners-wrap  center-flex\" data-mh=\"ltx-partners\">\r\n\t\t\t\t\t<div class=\"partners-item item center-flex\"><div class=\"photo\"><img src=\"https:\/\/cevtechnologies.com\/wp-content\/uploads\/2021\/03\/mercedes-logo.png\" class=\"image\" alt=\".\"><\/div><\/div>\r\n\t\t\t\t<\/div>\r\n\t\t\t\t<div class=\"col-sm-4 col-ms-6 col-xs-6  partners-wrap  center-flex\" data-mh=\"ltx-partners\">\r\n\t\t\t\t\t<div class=\"partners-item item center-flex\"><div class=\"photo\"><img src=\"https:\/\/cevtechnologies.com\/wp-content\/uploads\/2021\/03\/mitsubishi-logo.png\" class=\"image\" alt=\".\"><\/div><\/div>\r\n\t\t\t\t<\/div>\r\n\t\t\t\t<div class=\"col-sm-4 col-ms-6 col-xs-6  partners-wrap  center-flex\" data-mh=\"ltx-partners\">\r\n\t\t\t\t\t<div class=\"partners-item item center-flex\"><div class=\"photo\"><img src=\"https:\/\/cevtechnologies.com\/wp-content\/uploads\/2021\/03\/nissan-logo.png\" class=\"image\" alt=\".\"><\/div><\/div>\r\n\t\t\t\t<\/div>\r\n\t\t\t\t<div class=\"col-sm-4 col-ms-6 col-xs-6  partners-wrap  center-flex\" data-mh=\"ltx-partners\">\r\n\t\t\t\t\t<div class=\"partners-item item center-flex\"><div class=\"photo\"><img src=\"https:\/\/cevtechnologies.com\/wp-content\/uploads\/2021\/03\/kia-logo.png\" class=\"image\" alt=\".\"><\/div><\/div>\r\n\t\t\t\t<\/div>\r\n\t\t\t\t<div class=\"col-sm-4 col-ms-6 col-xs-6  partners-wrap  center-flex\" data-mh=\"ltx-partners\">\r\n\t\t\t\t\t<div class=\"partners-item item center-flex\"><div class=\"photo\"><img src=\"https:\/\/cevtechnologies.com\/wp-content\/uploads\/2021\/03\/jaguar-logo.png\" class=\"image\" alt=\".\"><\/div><\/div>\r\n\t\t\t\t<\/div>\r\n\t\t\t\t<div class=\"col-sm-4 col-ms-6 col-xs-6  partners-wrap  center-flex\" data-mh=\"ltx-partners\">\r\n\t\t\t\t\t<div class=\"partners-item item center-flex\"><div class=\"photo\"><img src=\"https:\/\/cevtechnologies.com\/wp-content\/uploads\/2021\/03\/hyundai-logo.png\" class=\"image\" alt=\".\"><\/div><\/div>\r\n\t\t\t\t<\/div>\r\n\t\t\t\t<div class=\"col-sm-4 col-ms-6 col-xs-6  partners-wrap  center-flex\" data-mh=\"ltx-partners\">\r\n\t\t\t\t\t<div class=\"partners-item item center-flex\"><div class=\"photo\"><img src=\"https:\/\/cevtechnologies.com\/wp-content\/uploads\/2021\/03\/ford-logo.png\" class=\"image\" alt=\".\"><\/div><\/div>\r\n\t\t\t\t<\/div>\r\n\t\t\t\t<div class=\"col-sm-4 col-ms-6 col-xs-6  partners-wrap  center-flex\" data-mh=\"ltx-partners\">\r\n\t\t\t\t\t<div class=\"partners-item item center-flex\"><div class=\"photo\"><img src=\"https:\/\/cevtechnologies.com\/wp-content\/uploads\/2021\/03\/smart-logo.png\" class=\"image\" alt=\".\"><\/div><\/div>\r\n\t\t\t\t<\/div>\r\n\t\t\t\t<div class=\"col-sm-4 col-ms-6 col-xs-6  partners-wrap  center-flex\" data-mh=\"ltx-partners\">\r\n\t\t\t\t\t<div class=\"partners-item item center-flex\"><div class=\"photo\"><img src=\"https:\/\/cevtechnologies.com\/wp-content\/uploads\/2021\/03\/bmw-logo.png\" class=\"image\" alt=\".\"><\/div><\/div>\r\n\t\t\t\t<\/div>\r\n\t\t\t\t<div class=\"col-sm-4 col-ms-6 col-xs-6  partners-wrap  center-flex\" data-mh=\"ltx-partners\">\r\n\t\t\t\t\t<div class=\"partners-item item center-flex\"><div class=\"photo\"><img src=\"https:\/\/cevtechnologies.com\/wp-content\/uploads\/2021\/03\/volvo-logo.png\" class=\"image\" alt=\".\"><\/div><\/div>\r\n\t\t\t\t<\/div>\r\n\t\t\t\t<div class=\"col-sm-4 col-ms-6 col-xs-6  partners-wrap  center-flex\" data-mh=\"ltx-partners\">\r\n\t\t\t\t\t<div class=\"partners-item item center-flex\"><div class=\"photo\"><img src=\"https:\/\/cevtechnologies.com\/wp-content\/uploads\/2021\/03\/seat-logo.png\" class=\"image\" alt=\".\"><\/div><\/div>\r\n\t\t\t\t<\/div>\r\n\t\t\t\t<div class=\"col-sm-4 col-ms-6 col-xs-6  partners-wrap  center-flex\" data-mh=\"ltx-partners\">\r\n\t\t\t\t\t<div class=\"partners-item item center-flex\"><div class=\"photo\"><img src=\"https:\/\/cevtechnologies.com\/wp-content\/uploads\/2021\/03\/cupra-logo.png\" class=\"image\" alt=\".\"><\/div><\/div>\r\n\t\t\t\t<\/div><\/div><\/div><div class=\"es-resp\">\t<div class=\"hidden-xl hidden-md hidden-sm hidden-ms hidden-xs\" style=\"height: 48px;\"><\/div>\t<div class=\"visible-md\" style=\"height: 48px;\"><\/div>\t<div class=\"visible-sm\" style=\"height: 48px;\"><\/div>\t<div class=\"visible-ms\" style=\"height: 32px;\"><\/div>\t<div class=\"visible-xs\" style=\"height: 32px;\"><\/div><\/div><\/div><\/div><\/div><\/div><\/section><div class=\"vc_row-full-width vc_clearfix\"><\/div>","protected":false},"excerpt":{"rendered":"Our vision. To fulfill the customer\u2019s expectation we do need charging stations working by 100%, easily accessible and connected to the backend for additional support. Quality is the key for customer satisfaction much more than quick availability, to give trust in new technology is a major task. To ensure interoperability of cars and charging infrastructure is one of the main targets of CEV technologies and our system approach. UNIVERSAL CHARGING STATION FOR YOUR ELECTRIC CAR We believe in a future with clean, electric transport but we don\u2019t believe in having to visit charging stations on your way from A to B. We believe the best way of charging your vehicle is either at home or at your destination and that\u2019s the reason we\u2019ve developed the CEV technologies solution. Contact us Compatible with vehicle brands","protected":false},"author":1,"featured_media":0,"parent":0,"menu_order":0,"comment_status":"closed","ping_status":"closed","template":"","meta":{"footnotes":""},"_links":{"self":[{"href":"https:\/\/cevtechnologies.com\/hr\/wp-json\/wp\/v2\/pages\/6334"}],"collection":[{"href":"https:\/\/cevtechnologies.com\/hr\/wp-json\/wp\/v2\/pages"}],"about":[{"href":"https:\/\/cevtechnologies.com\/hr\/wp-json\/wp\/v2\/types\/page"}],"author":[{"embeddable":true,"href":"https:\/\/cevtechnologies.com\/hr\/wp-json\/wp\/v2\/users\/1"}],"replies":[{"embeddable":true,"href":"https:\/\/cevtechnologies.com\/hr\/wp-json\/wp\/v2\/comments?post=6334"}],"version-history":[{"count":8,"href":"https:\/\/cevtechnologies.com\/hr\/wp-json\/wp\/v2\/pages\/6334\/revisions"}],"predecessor-version":[{"id":6473,"href":"https:\/\/cevtechnologies.com\/hr\/wp-json\/wp\/v2\/pages\/6334\/revisions\/6473"}],"wp:attachment":[{"href":"https:\/\/cevtechnologies.com\/hr\/wp-json\/wp\/v2\/media?parent=6334"}],"curies":[{"name":"wp","href":"https:\/\/api.w.org\/{rel}","templated":true}]}}