{"id":5891,"date":"2018-09-01T18:28:16","date_gmt":"2018-09-01T18:28:16","guid":{"rendered":"https:\/\/cevtechnologies.com\/?page_id=5891"},"modified":"2021-03-08T08:11:02","modified_gmt":"2021-03-08T08:11:02","slug":"mission","status":"publish","type":"page","link":"https:\/\/cevtechnologies.com\/hr\/mission\/","title":{"rendered":"Misija"},"content":{"rendered":"<section data-vc-full-width=\"true\" data-vc-full-width-init=\"false\" class=\"vc_section vc_custom_1535826482840 bg-repeat-x bg-pos-left-top\"><div class=\"vc_row wpb_row vc_row-fluid vc_custom_1532977936460 text-align-center-ms\"><div class=\"wpb_column vc_column_container vc_col-sm-6\"><div class=\"vc_column-inner\"><div class=\"wpb_wrapper\"><div class=\"heading  default align-left color-black subcolor-main icon-type-hidden   vc_custom_1614846411738 heading-tag-h3\" id=\"like_sc_header_754910378\"><h3 class=\"header ltx-sr-id-like_sc_header_7549103781243939347 ltx-sr ltx-sr-effect-fade_in ltx-sr-el-block ltx-sr-delay-0 ltx-sr-duration-1000 ltx-sr-sequences-0\">Tko <span> smo <\/span> mi?<\/h3><\/div><div class=\"es-resp\">\t<div class=\"hidden-xl hidden-md hidden-sm hidden-ms hidden-xs\" style=\"height: 16px;\"><\/div>\t<div class=\"visible-md\" style=\"height: 16px;\"><\/div>\t<div class=\"visible-sm\" style=\"height: 16px;\"><\/div>\t<div class=\"visible-ms\" style=\"height: 16px;\"><\/div>\t<div class=\"visible-xs\" style=\"height: 16px;\"><\/div><\/div>\n\t<div class=\"wpb_text_column wpb_content_element\" >\n\t\t<div class=\"wpb_wrapper\">\n\t\t\t<p>CEV je hrvatska tvrtka koja djeluje na nacionalnoj razini u pru\u017eanju rje\u0161enja za punjenje i upravljanje punjenjem elektri\u010dnih vozila za domove i tvrtke. Sura\u0111ujemo s nizom doma\u0107ih i inozemnih vode\u0107ih partnera kako bismo na\u0161im klijentima pru\u017eili najkvalitetnije rje\u0161enje s najvi\u0161im strandardima punjenja EV.<\/p>\n<p>Na\u0161a stru\u010dnost i razumijevanje EV tehnologije punjenja \u010dini nas u najboljem polo\u017eaju da razumijemo potrebe va\u0161eg poslovanja i stvorimo savr\u0161eno rje\u0161enje maksimalnu korist i zadovoljstvo klijenta.<\/p>\n<p><strong>Pametna rje\u0161enja<\/strong>\u00a0donose mno\u0161tvo prednosti klijentima od automatiziranog upravljanja elektri\u010dnom energijom, daljinske tehni\u010dke podr\u0161ke, a\u017euriranja softvera, sigurnosti, intuitivnog korisni\u010dkog iskustva i smanjenja tro\u0161kova. Mi smo inovativni stru\u010dnjaci za punja\u010de i upravljanje procesom punjenja, bez obzira na va\u0161e pitanje za punjenje i postupak punjenja - imamo rje\u0161enje.<\/p>\n<p>Ova rje\u0161enja pru\u017eamo za tvrtke, stanovnike stanova, stanodavce, rukovaoce voznim parkom, upravnike objekata, vlasnike domova, rukovatelje javnim parkirali\u0161tima, auto ku\u0107e, izvo\u0111a\u010de radova, investitore (komercijalne i stambene), maloprodaju i druge<strong>.<\/strong><\/p>\n<p><span style=\"text-decoration: underline;\"><img decoding=\"async\" loading=\"lazy\" class=\"size-full wp-image-5803 aligncenter\" src=\"https:\/\/cevtechnologies.com\/wp-content\/uploads\/2018\/08\/mission-bg.png\" alt=\"\" width=\"208\" height=\"238\" \/><\/span><\/p>\n\n\t\t<\/div>\n\t<\/div>\n<div class=\"es-resp\">\t<div class=\"hidden-xl hidden-md hidden-sm hidden-ms hidden-xs\" style=\"height: 32px;\"><\/div>\t<div class=\"visible-md\" style=\"height: 32px;\"><\/div>\t<div class=\"visible-sm\" style=\"height: 32px;\"><\/div>\t<div class=\"visible-ms\" style=\"height: 32px;\"><\/div>\t<div class=\"visible-xs\" style=\"height: 32px;\"><\/div><\/div><div class=\"btn-wrap align-center\"><a href=\"https:\/\/cevtechnologies.com\/hr\/contact\/\" class=\"btn  btn-default color-hover-default align-center\" id=\"like_sc_button_1174321184\">Kontaktirajte nas<\/a><\/div><\/div><\/div><\/div><div class=\"wpb_column vc_column_container vc_col-sm-6\"><div class=\"vc_column-inner\"><div class=\"wpb_wrapper\">\n\t<div  class=\"wpb_single_image wpb_content_element vc_align_left\">\n\t\t\n\t\t<figure class=\"wpb_wrapper vc_figure\">\n\t\t\t<div class=\"vc_single_image-wrapper   vc_box_border_grey\"><img width=\"960\" height=\"540\" src=\"https:\/\/cevtechnologies.com\/wp-content\/uploads\/2021\/03\/tesla.jpg\" class=\"vc_single_image-img attachment-full\" alt=\"tesla\" decoding=\"async\" loading=\"lazy\" srcset=\"https:\/\/cevtechnologies.com\/wp-content\/uploads\/2021\/03\/tesla.jpg 960w, https:\/\/cevtechnologies.com\/wp-content\/uploads\/2021\/03\/tesla-300x169.jpg 300w, https:\/\/cevtechnologies.com\/wp-content\/uploads\/2021\/03\/tesla-768x432.jpg 768w, https:\/\/cevtechnologies.com\/wp-content\/uploads\/2021\/03\/tesla-755x425.jpg 755w\" sizes=\"(max-width: 960px) 100vw, 960px\" \/><\/div>\n\t\t<\/figure>\n\t<\/div>\n\n\t<div class=\"wpb_text_column wpb_content_element\" >\n\t\t<div class=\"wpb_wrapper\">\n\t\t\t<p>CEV nudi najsuvremeniju tehnologiju punjenja i upravljanja punjenjem, pronalaze\u0107i najbolja rje\u0161enja koja pru\u017eaju najbolje mogu\u0107e voza\u010dko iskustvo, maksimalnu energetsku u\u010dinkovitost i uvijek vrhunski dizajn.<\/p>\n<ul>\n<li><a href=\"https:\/\/cevtechnologies.com\/hr\/\"><strong>Poslovanje:<\/strong><\/a>\u00a0Pru\u017eanje pametnih, isplativih, budu\u0107ih rje\u0161enja, prilago\u0111enih rje\u0161enja za punjenje vozila za industriju, trgovinu i graditeljstvo<\/li>\n<li><a href=\"https:\/\/cevtechnologies.com\/hr\/\"><strong>Rje\u0161enja za apartmane:<\/strong><\/a>\u00a0Na\u0161a rje\u0161enja udovoljavaju potrebama stanovnika, iznajmljiva\u010da, OMC-a i tvrtki za upravljanje nekretninama. Od malog do velikog, jednostavnog do slo\u017eenog, bez obzira na va\u0161e okolnosti bit \u0107e nam drago \u0161to ste stupili u kontakt s nama na obostrano zadovoljstvo.<\/li>\n<li><a href=\"https:\/\/cevtechnologies.com\/hr\/\"><strong>Flota:<\/strong><\/a>\u00a0Ako ste na po\u010detku svog elektri\u010dnog putovanja ili sezonskog profesionalca, otkrit \u0107ete da imamo najopse\u017eniju infrastrukturu za punjenje voznog parka za va\u0161 ured, skladi\u0161te, privatne domove zaposlenika i javne punja\u010de. Vodit \u0107emo vas od odabira zamjenskog vozila do pru\u017eanja infrastrukture do glatkog, jeftinog operativnog upravljanja.<\/li>\n<li><a href=\"https:\/\/cevtechnologies.com\/hr\/\"><strong>Javno punjenje:<\/strong><\/a>\u00a0Pru\u017eanje usluge punjenja koja postoji i pru\u017eanje usluge punjenja koja se koristi dvije su potpuno odvojene stvarnosti. Dizajniramo i instaliramo rje\u0161enja za javno punjenje EV-a od parkirali\u0161ta tvrtke do javnih parkirali\u0161ta koja va\u0161im kupcima olak\u0161avaju kori\u0161tenje.<\/li>\n<li><a href=\"https:\/\/cevtechnologies.com\/hr\/\"><strong>Ku\u0107no punjenje:\u00a0<\/strong><\/a>Mi smo vode\u0107i dobavlja\u010d ku\u0107nih punja\u010da i bez obzira na va\u0161e potrebe za ku\u0107nim punjenjem, imamo najbolja dostupna rje\u0161enja za ku\u0107no punjenje na hrvatskom tr\u017ei\u0161tu.<\/li>\n<\/ul>\n\n\t\t<\/div>\n\t<\/div>\n<\/div><\/div><\/div><\/div><\/section><div class=\"vc_row-full-width vc_clearfix\"><\/div><section data-vc-full-width=\"true\" data-vc-full-width-init=\"false\" class=\"vc_section\"><div class=\"vc_row wpb_row vc_row-fluid\"><div class=\"wpb_column vc_column_container vc_col-sm-12\"><div class=\"vc_column-inner\"><div class=\"wpb_wrapper\"><div class=\"es-resp\">\t<div class=\"hidden-xl hidden-md hidden-sm hidden-ms hidden-xs\" style=\"height: 48px;\"><\/div>\t<div class=\"visible-md\" style=\"height: 48px;\"><\/div>\t<div class=\"visible-sm\" style=\"height: 48px;\"><\/div>\t<div class=\"visible-ms\" style=\"height: 32px;\"><\/div>\t<div class=\"visible-xs\" style=\"height: 32px;\"><\/div><\/div><div class=\"heading  header-underline align-center color-black subcolor-main icon-type-hidden heading-tag-h3\" id=\"like_sc_header_1159282954\"><h3 class=\"header ltx-sr-id-like_sc_header_1159282954295524124 ltx-sr ltx-sr-effect-fade_in ltx-sr-el-block ltx-sr-delay-0 ltx-sr-duration-1000 ltx-sr-sequences-0\">Kompatibilan s markama auta<\/h3><\/div><div class=\"ltx-partners ltx-hover-logos  layout-\" id=\"like_sc_header_1225676821\"><div class=\"row\">\r\n\t\t\t\t<div class=\"col-sm-4 col-ms-6 col-xs-6  partners-wrap  center-flex\" data-mh=\"ltx-partners\">\r\n\t\t\t\t\t<div class=\"partners-item item center-flex\"><div class=\"photo\"><img src=\"https:\/\/cevtechnologies.com\/wp-content\/uploads\/2021\/03\/mercedes-logo.png\" class=\"image\" alt=\".\"><\/div><\/div>\r\n\t\t\t\t<\/div>\r\n\t\t\t\t<div class=\"col-sm-4 col-ms-6 col-xs-6  partners-wrap  center-flex\" data-mh=\"ltx-partners\">\r\n\t\t\t\t\t<div class=\"partners-item item center-flex\"><div class=\"photo\"><img src=\"https:\/\/cevtechnologies.com\/wp-content\/uploads\/2021\/03\/mitsubishi-logo.png\" class=\"image\" alt=\".\"><\/div><\/div>\r\n\t\t\t\t<\/div>\r\n\t\t\t\t<div class=\"col-sm-4 col-ms-6 col-xs-6  partners-wrap  center-flex\" data-mh=\"ltx-partners\">\r\n\t\t\t\t\t<div class=\"partners-item item center-flex\"><div class=\"photo\"><img src=\"https:\/\/cevtechnologies.com\/wp-content\/uploads\/2021\/03\/nissan-logo.png\" class=\"image\" alt=\".\"><\/div><\/div>\r\n\t\t\t\t<\/div>\r\n\t\t\t\t<div class=\"col-sm-4 col-ms-6 col-xs-6  partners-wrap  center-flex\" data-mh=\"ltx-partners\">\r\n\t\t\t\t\t<div class=\"partners-item item center-flex\"><div class=\"photo\"><img src=\"https:\/\/cevtechnologies.com\/wp-content\/uploads\/2021\/03\/kia-logo.png\" class=\"image\" alt=\".\"><\/div><\/div>\r\n\t\t\t\t<\/div>\r\n\t\t\t\t<div class=\"col-sm-4 col-ms-6 col-xs-6  partners-wrap  center-flex\" data-mh=\"ltx-partners\">\r\n\t\t\t\t\t<div class=\"partners-item item center-flex\"><div class=\"photo\"><img src=\"https:\/\/cevtechnologies.com\/wp-content\/uploads\/2021\/03\/jaguar-logo.png\" class=\"image\" alt=\".\"><\/div><\/div>\r\n\t\t\t\t<\/div>\r\n\t\t\t\t<div class=\"col-sm-4 col-ms-6 col-xs-6  partners-wrap  center-flex\" data-mh=\"ltx-partners\">\r\n\t\t\t\t\t<div class=\"partners-item item center-flex\"><div class=\"photo\"><img src=\"https:\/\/cevtechnologies.com\/wp-content\/uploads\/2021\/03\/hyundai-logo.png\" class=\"image\" alt=\".\"><\/div><\/div>\r\n\t\t\t\t<\/div>\r\n\t\t\t\t<div class=\"col-sm-4 col-ms-6 col-xs-6  partners-wrap  center-flex\" data-mh=\"ltx-partners\">\r\n\t\t\t\t\t<div class=\"partners-item item center-flex\"><div class=\"photo\"><img src=\"https:\/\/cevtechnologies.com\/wp-content\/uploads\/2021\/03\/ford-logo.png\" class=\"image\" alt=\".\"><\/div><\/div>\r\n\t\t\t\t<\/div>\r\n\t\t\t\t<div class=\"col-sm-4 col-ms-6 col-xs-6  partners-wrap  center-flex\" data-mh=\"ltx-partners\">\r\n\t\t\t\t\t<div class=\"partners-item item center-flex\"><div class=\"photo\"><img src=\"https:\/\/cevtechnologies.com\/wp-content\/uploads\/2021\/03\/smart-logo.png\" class=\"image\" alt=\".\"><\/div><\/div>\r\n\t\t\t\t<\/div>\r\n\t\t\t\t<div class=\"col-sm-4 col-ms-6 col-xs-6  partners-wrap  center-flex\" data-mh=\"ltx-partners\">\r\n\t\t\t\t\t<div class=\"partners-item item center-flex\"><div class=\"photo\"><img src=\"https:\/\/cevtechnologies.com\/wp-content\/uploads\/2021\/03\/bmw-logo.png\" class=\"image\" alt=\".\"><\/div><\/div>\r\n\t\t\t\t<\/div>\r\n\t\t\t\t<div class=\"col-sm-4 col-ms-6 col-xs-6  partners-wrap  center-flex\" data-mh=\"ltx-partners\">\r\n\t\t\t\t\t<div class=\"partners-item item center-flex\"><div class=\"photo\"><img src=\"https:\/\/cevtechnologies.com\/wp-content\/uploads\/2021\/03\/volvo-logo.png\" class=\"image\" alt=\".\"><\/div><\/div>\r\n\t\t\t\t<\/div>\r\n\t\t\t\t<div class=\"col-sm-4 col-ms-6 col-xs-6  partners-wrap  center-flex\" data-mh=\"ltx-partners\">\r\n\t\t\t\t\t<div class=\"partners-item item center-flex\"><div class=\"photo\"><img src=\"https:\/\/cevtechnologies.com\/wp-content\/uploads\/2021\/03\/seat-logo.png\" class=\"image\" alt=\".\"><\/div><\/div>\r\n\t\t\t\t<\/div>\r\n\t\t\t\t<div class=\"col-sm-4 col-ms-6 col-xs-6  partners-wrap  center-flex\" data-mh=\"ltx-partners\">\r\n\t\t\t\t\t<div class=\"partners-item item center-flex\"><div class=\"photo\"><img src=\"https:\/\/cevtechnologies.com\/wp-content\/uploads\/2021\/03\/cupra-logo.png\" class=\"image\" alt=\".\"><\/div><\/div>\r\n\t\t\t\t<\/div><\/div><\/div><div class=\"es-resp\">\t<div class=\"hidden-xl hidden-md hidden-sm hidden-ms hidden-xs\" style=\"height: 48px;\"><\/div>\t<div class=\"visible-md\" style=\"height: 48px;\"><\/div>\t<div class=\"visible-sm\" style=\"height: 48px;\"><\/div>\t<div class=\"visible-ms\" style=\"height: 32px;\"><\/div>\t<div class=\"visible-xs\" style=\"height: 32px;\"><\/div><\/div><\/div><\/div><\/div><\/div><\/section><div class=\"vc_row-full-width vc_clearfix\"><\/div>","protected":false},"excerpt":{"rendered":"Who we are? CEV is an Croatian owned company, operating nationally in the provision of EV charging solutions to homes and businesses. We work with a number of partners to provide bespoke value added solutions for our clients. Our expertise and understanding of EV charging technology, makes us best placed to understand your business\u2019 needs and create the perfect solution for maximum benefit. Smart solutions\u00a0bring a multitude of benefits to clients from automated electricity management, remote technical support, software updates, security, intuitive user experience, and cost reduction.\u00a0 We are smart charger specialists, whatever your charge issue we have a solution. We provide these solutions for business, apartment residents, landlords, fleet operators, facility mangers, home owners, public car park operators, car dealerships, contractors, property developers (commercial and residential), retail and others. Contact us CEV provides state of the art charge technology, finding the sleekest solutions to provide best driver experience possible, [...]","protected":false},"author":1,"featured_media":0,"parent":0,"menu_order":0,"comment_status":"closed","ping_status":"closed","template":"","meta":{"footnotes":""},"_links":{"self":[{"href":"https:\/\/cevtechnologies.com\/hr\/wp-json\/wp\/v2\/pages\/5891"}],"collection":[{"href":"https:\/\/cevtechnologies.com\/hr\/wp-json\/wp\/v2\/pages"}],"about":[{"href":"https:\/\/cevtechnologies.com\/hr\/wp-json\/wp\/v2\/types\/page"}],"author":[{"embeddable":true,"href":"https:\/\/cevtechnologies.com\/hr\/wp-json\/wp\/v2\/users\/1"}],"replies":[{"embeddable":true,"href":"https:\/\/cevtechnologies.com\/hr\/wp-json\/wp\/v2\/comments?post=5891"}],"version-history":[{"count":17,"href":"https:\/\/cevtechnologies.com\/hr\/wp-json\/wp\/v2\/pages\/5891\/revisions"}],"predecessor-version":[{"id":6462,"href":"https:\/\/cevtechnologies.com\/hr\/wp-json\/wp\/v2\/pages\/5891\/revisions\/6462"}],"wp:attachment":[{"href":"https:\/\/cevtechnologies.com\/hr\/wp-json\/wp\/v2\/media?parent=5891"}],"curies":[{"name":"wp","href":"https:\/\/api.w.org\/{rel}","templated":true}]}}