{"id":25,"date":"2017-05-17T20:05:52","date_gmt":"2017-05-17T20:05:52","guid":{"rendered":"https:\/\/cevtechnologies.com\/?page_id=25"},"modified":"2021-03-08T07:46:54","modified_gmt":"2021-03-08T07:46:54","slug":"contact","status":"publish","type":"page","link":"https:\/\/cevtechnologies.com\/hr\/contact\/","title":{"rendered":"Kontakt"},"content":{"rendered":"<section data-vc-full-width=\"true\" data-vc-full-width-init=\"false\" class=\"vc_section\"><div class=\"vc_row wpb_row vc_row-fluid vc_row-o-content-top vc_row-flex\"><div class=\"wpb_column vc_column_container vc_col-sm-12 vc_col-lg-4 vc_col-md-6\"><div class=\"vc_column-inner\"><div class=\"wpb_wrapper\"><div class=\"heading  default align-left color-black icon-type-hidden   vc_custom_1614612044757 heading-tag-h4\" id=\"like_sc_header_729090600\"><h4 class=\"header ltx-sr-id-like_sc_header_7290906001969291418 ltx-sr ltx-sr-effect-fade_in ltx-sr-el-block ltx-sr-delay-0 ltx-sr-duration-1000 ltx-sr-sequences-0\">CEV Technologies<\/h4><\/div>\n\t<div class=\"wpb_text_column wpb_content_element\" >\n\t\t<div class=\"wpb_wrapper\">\n\t\t\t<p>Radujemo se va\u0161im pitanjima, zahtjevima i prijedlozima.<br \/>\nZajedno \u0107emo prona\u0107i idealno rje\u0161enje za vas.<br \/>\nPo\u0161aljite nam svoj zahtjev ili nas nazovite:<\/p>\n\n\t\t<\/div>\n\t<\/div>\n<div class=\"align-default\"><ul class=\"social-icons-list   vc_custom_1615189526043 bg-main  icon-weight-bold\" id=\"like_sc_header_975216067\"><li class=\"\"><span class=\"fas fa-phone-alt\"><\/span><span class=\"head\">+385 91 366 9988<\/span><\/li><li class=\"\"><span class=\"fab fa-skype\"><\/span><span class=\"head\">ivica.blazevic9<\/span><\/li><li class=\"\"><span class=\"fas fa-map-marker-alt\"><\/span><span class=\"head\">10000 Zagreb, HR<\/span><\/li><\/ul><\/div><div class=\"align-default\"><ul class=\"social-big bg-main  icon-weight-bold\" id=\"like_sc_header_1613344045\"><li><a href=\"#\" class=\"\"><\/a><\/li><li><a href=\"#\" class=\"\"><\/a><\/li><li><a href=\"#\" class=\"\"><\/a><\/li><\/ul><\/div><\/div><\/div><\/div><div class=\"wpb_column vc_column_container vc_col-sm-12 vc_col-lg-4 vc_col-md-6 vc_col-has-fill\"><div class=\"vc_column-inner vc_custom_1518129269758\"><div class=\"wpb_wrapper\"><div class=\"es-resp\">\t<div class=\"hidden-xl hidden-md hidden-sm hidden-ms hidden-xs\" style=\"height: 0px;\"><\/div>\t<div class=\"visible-md\" style=\"height: 0px;\"><\/div>\t<div class=\"visible-sm\" style=\"height: 48px;\"><\/div>\t<div class=\"visible-ms\" style=\"height: 48px;\"><\/div>\t<div class=\"visible-xs\" style=\"height: 48px;\"><\/div><\/div><div class=\"heading  header-inline align-left color-black subcolor-main icon-type-hidden   vc_custom_1526908468521 heading-tag-h4\" id=\"like_sc_header_652759442\"><h4 class=\"header ltx-sr-id-like_sc_header_652759442593911472 ltx-sr ltx-sr-effect-fade_in ltx-sr-el-block ltx-sr-delay-0 ltx-sr-duration-1000 ltx-sr-sequences-0\">Radno vrijeme<\/h4><\/div>\n\t<div class=\"wpb_text_column wpb_content_element\" >\n\t\t<div class=\"wpb_wrapper\">\n\t\t\t<p><span class=\"line-height-2\"><strong>Ponedjeljak - petak :<\/strong> 08:00 &#8211; 16:00<br \/>\n<strong>Subota - Nedjelja :<\/strong> ZATVORENO<br \/>\n<\/span><\/p>\n\n\t\t<\/div>\n\t<\/div>\n<div class=\"es-resp\">\t<div class=\"hidden-xl hidden-md hidden-sm hidden-ms hidden-xs\" style=\"height: 28px;\"><\/div>\t<div class=\"visible-md\" style=\"height: 28px;\"><\/div>\t<div class=\"visible-sm\" style=\"height: 28px;\"><\/div>\t<div class=\"visible-ms\" style=\"height: 28px;\"><\/div>\t<div class=\"visible-xs\" style=\"height: 28px;\"><\/div><\/div><\/div><\/div><\/div><div class=\"wpb_column vc_column_container vc_col-sm-12 vc_col-lg-4 vc_col-md-12\"><div class=\"vc_column-inner\"><div class=\"wpb_wrapper\"><div class=\"es-resp\">\t<div class=\"hidden-xl hidden-md hidden-sm hidden-ms hidden-xs\" style=\"height: 0px;\"><\/div>\t<div class=\"visible-md\" style=\"height: 16px;\"><\/div>\t<div class=\"visible-sm\" style=\"height: 16px;\"><\/div>\t<div class=\"visible-ms\" style=\"height: 16px;\"><\/div>\t<div class=\"visible-xs\" style=\"height: 32px;\"><\/div><\/div>\n<div class=\"wpcf7 no-js\" id=\"wpcf7-f6345-o1\" lang=\"en-US\" dir=\"ltr\">\n<div class=\"screen-reader-response\"><p role=\"status\" aria-live=\"polite\" aria-atomic=\"true\"><\/p> <ul><\/ul><\/div>\n<form action=\"\/hr\/wp-json\/wp\/v2\/pages\/25#wpcf7-f6345-o1\" method=\"post\" class=\"wpcf7-form init\" aria-label=\"Contact form\" novalidate=\"novalidate\" data-status=\"init\" data-trp-original-action=\"\/hr\/wp-json\/wp\/v2\/pages\/25#wpcf7-f6345-o1\">\n<div style=\"display: none;\">\n<input type=\"hidden\" name=\"_wpcf7\" value=\"6345\" \/>\n<input type=\"hidden\" name=\"_wpcf7_version\" value=\"5.9.8\" \/>\n<input type=\"hidden\" name=\"_wpcf7_locale\" value=\"en_US\" \/>\n<input type=\"hidden\" name=\"_wpcf7_unit_tag\" value=\"wpcf7-f6345-o1\" \/>\n<input type=\"hidden\" name=\"_wpcf7_container_post\" value=\"0\" \/>\n<input type=\"hidden\" name=\"_wpcf7_posted_data_hash\" value=\"\" \/>\n<\/div>\n<p><label> Va\u0161e ime<br \/>\n<span class=\"wpcf7-form-control-wrap\" data-name=\"your-name\"><input size=\"40\" maxlength=\"400\" class=\"wpcf7-form-control wpcf7-text wpcf7-validates-as-required\" aria-required=\"true\" aria-invalid=\"false\" value=\"\" type=\"text\" name=\"your-name\" \/><\/span> <\/label>\n<\/p>\n<p><label> Va\u0161 email<br \/>\n<span class=\"wpcf7-form-control-wrap\" data-name=\"your-email\"><input size=\"40\" maxlength=\"400\" class=\"wpcf7-form-control wpcf7-email wpcf7-validates-as-required wpcf7-text wpcf7-validates-as-email\" aria-required=\"true\" aria-invalid=\"false\" value=\"\" type=\"email\" name=\"your-email\" \/><\/span> <\/label>\n<\/p>\n<p><label> Naslov<br \/>\n<span class=\"wpcf7-form-control-wrap\" data-name=\"your-subject\"><input size=\"40\" maxlength=\"400\" class=\"wpcf7-form-control wpcf7-text wpcf7-validates-as-required\" aria-required=\"true\" aria-invalid=\"false\" value=\"\" type=\"text\" name=\"your-subject\" \/><\/span> <\/label>\n<\/p>\n<p><label> Va\u0161a poruka<br \/>\n<span class=\"wpcf7-form-control-wrap\" data-name=\"your-message\"><textarea cols=\"40\" rows=\"10\" maxlength=\"2000\" class=\"wpcf7-form-control wpcf7-textarea\" aria-invalid=\"false\" name=\"your-message\"><\/textarea><\/span> <\/label>\n<\/p>\n<p><input class=\"wpcf7-form-control wpcf7-submit has-spinner\" type=\"submit\" value=\"Potvrdi\" \/>\n<\/p><p style=\"display: none !important;\" class=\"akismet-fields-container\" data-prefix=\"_wpcf7_ak_\"><label>&#916;<textarea name=\"_wpcf7_ak_hp_textarea\" cols=\"45\" rows=\"8\" maxlength=\"100\"><\/textarea><\/label><input type=\"hidden\" id=\"ak_js_1\" name=\"_wpcf7_ak_js\" value=\"208\"\/><script>document.getElementById( \"ak_js_1\" ).setAttribute( \"value\", ( new Date() ).getTime() );<\/script><\/p><div class=\"wpcf7-response-output\" aria-hidden=\"true\"><\/div>\n<input type=\"hidden\" name=\"trp-form-language\" value=\"hr\"\/><\/form>\n<\/div>\n<\/div><\/div><\/div><\/div><div class=\"vc_row wpb_row vc_row-fluid\"><div class=\"wpb_column vc_column_container vc_col-sm-12\"><div class=\"vc_column-inner\"><div class=\"wpb_wrapper\"><div class=\"vc_empty_space\"   style=\"height: 72px\"><span class=\"vc_empty_space_inner\"><\/span><\/div><\/div><\/div><\/div><\/div><\/section><div class=\"vc_row-full-width vc_clearfix\"><\/div><div data-vc-full-width=\"true\" data-vc-full-width-init=\"false\" data-vc-stretch-content=\"true\" class=\"vc_row wpb_row vc_row-fluid vc_row-no-padding\"><div class=\"wpb_column vc_column_container vc_col-sm-12\"><div class=\"vc_column-inner\"><div class=\"wpb_wrapper\"><div  id=\"like_sc_google_maps_1641302887\" data-marker=\"https:\/\/cevtechnologies.com\/wp-content\/themes\/efuel\/assets\/images\/location.png\" class=\"ltx-google-maps    vc_custom_1528994509621\" data-style=\"yellow\" data-lng=\"-74.1180862\" data-lat=\"40.7058253\" data-zoom=\"11\" style=\"width: 100%; height: 750px;\"><\/div><\/div><\/div><\/div><\/div><div class=\"vc_row-full-width vc_clearfix\"><\/div>","protected":false},"excerpt":{"rendered":"CEV Technologies We look forward to your questions, requests and suggestions. Together we will find the ideal solution for you. Send us your request or give us a call: +385 91 366 9988ivica.blazevic910000 Zagreb, HR Opening Hours Monday - Friday : 08:00 - 16:00 Saturday - Sunday : CLOSED Your name Your email Subject Your message (optional) &#916;","protected":false},"author":1,"featured_media":0,"parent":0,"menu_order":0,"comment_status":"closed","ping_status":"closed","template":"","meta":{"footnotes":""},"_links":{"self":[{"href":"https:\/\/cevtechnologies.com\/hr\/wp-json\/wp\/v2\/pages\/25"}],"collection":[{"href":"https:\/\/cevtechnologies.com\/hr\/wp-json\/wp\/v2\/pages"}],"about":[{"href":"https:\/\/cevtechnologies.com\/hr\/wp-json\/wp\/v2\/types\/page"}],"author":[{"embeddable":true,"href":"https:\/\/cevtechnologies.com\/hr\/wp-json\/wp\/v2\/users\/1"}],"replies":[{"embeddable":true,"href":"https:\/\/cevtechnologies.com\/hr\/wp-json\/wp\/v2\/comments?post=25"}],"version-history":[{"count":10,"href":"https:\/\/cevtechnologies.com\/hr\/wp-json\/wp\/v2\/pages\/25\/revisions"}],"predecessor-version":[{"id":6455,"href":"https:\/\/cevtechnologies.com\/hr\/wp-json\/wp\/v2\/pages\/25\/revisions\/6455"}],"wp:attachment":[{"href":"https:\/\/cevtechnologies.com\/hr\/wp-json\/wp\/v2\/media?parent=25"}],"curies":[{"name":"wp","href":"https:\/\/api.w.org\/{rel}","templated":true}]}}